{"id":513,"date":"2023-11-21T13:55:59","date_gmt":"2023-11-21T10:55:59","guid":{"rendered":"https:\/\/niles.ee\/?post_type=product&#038;p=513"},"modified":"2024-09-18T23:48:21","modified_gmt":"2024-09-18T20:48:21","slug":"5kg-aia-ja-koogivilja-kompleksvaetis","status":"publish","type":"product","link":"https:\/\/niles.ee\/et\/product\/5kg-aia-ja-koogivilja-kompleksvaetis\/","title":{"rendered":"5Kg Aia- ja k\u00f6\u00f6givilja kompleksv\u00e4etis"},"content":{"rendered":"<p>Aia- ja k\u00f6\u00f6givilja kompleksv\u00e4etis<br \/>\nPrilleeritud NPK t\u00e4isv\u00e4etis, mis sobib nii hooajaliste kui mitmeaastaste aiakultuuride v\u00e4etamiseks kevadest<br \/>\n(aprill-mai) s\u00fcgiseni (august-september). Samuti v\u00f5ib kasutada aia rajamisel enne taimede istutamist, segades<br \/>\nv\u00e4etist mulla v\u00f5i turbaga. Kevadv\u00e4etisena sobib v\u00e4hese lammastikutarbega taimedele nagu maasikas,<br \/>\nmusts\u00f5star ja kiviktaimla taimed ning p\u00f5hiv\u00e4etisena aedviljadele nagu hernes, uba ja kartul. V\u00e4etist sobib<br \/>\nkasutada ka s\u00fcgisel. K\u00f5rge fosfori ja kaaliumi sisaldus suurendab taimede haigus- ja k\u00fclmakindlust ning<br \/>\nvalmistab neid ette j\u00e4rgmise aasta kasvuks, rikkalikuks \u00f5itsemiseks ja saagi moodustamiseks.<br \/>\nKasutamine: Aia rajamisel (istutuseelne v\u00e4etamine): 1 kg 20 m2, Kevadisel v\u00e4etamisel: aiaviljad, marjap\u00f5\u00f5-<br \/>\nsad, \u00f5unapuud: 1kg 25 m2, S\u00fcgisesel v\u00e4etamisel: viljapuud 80 g\/m2, s\u00f5strad 80- 125 g p\u00f5\u00f5sa kohta, maasi-<br \/>\nkad 30-50 g p\u00f5\u00f5sa kohta, vaarikad, ilupuud ja \u2013p\u00f5\u00f5sad 30- 50 g\/m2, rododendronid 30- 50 g\/m2, roosid 50-60<br \/>\ng\/m2, p\u00fcsililled 30- 50 g\/m2.<br \/>\nKoostis: NPK 11-16-27, ammooniuml\u00e4mmastik 3% N, nitraatl\u00e4mmastik 7,8% N, veeslahustuv<br \/>\ndifosforpentaoksiid 16% P2O5, veeslahustuv kaaliumoksiid 27% K2O.<br \/>\nHoiustamine: S\u00e4ilitada originaalpakendis, kuivas, lastele ja koduloomadele k\u00e4ttesaamatus kohas.<br \/>\nS\u00e4ilitusaeg: Kasutusaeg ei ole piiratud.<br \/>\nNetomass: 5 kg<\/p>\n<p>Valmistamise aeg: 05.2022, Tootja: Niles O\u00dc<br \/>\nTurustaja: Niles O\u00dc, www.niles.ee<\/p>","protected":false},"excerpt":{"rendered":"<p>Aia- ja k\u00f6\u00f6givilja kompleksv\u00e4etis<br \/>\nPrilleeritud NPK t\u00e4isv\u00e4etis, mis sobib nii hooajaliste kui mitmeaastaste aiakultuuride v\u00e4etamiseks kevadest<br \/>\n(aprill-mai) s\u00fcgiseni (august-september). Samuti v\u00f5ib kasutada aia rajamisel enne taimede istutamist, segades<br \/>\nv\u00e4etist mulla v\u00f5i turbaga. Kevadv\u00e4etisena sobib v\u00e4hese lammastikutarbega taimedele nagu maasikas,<br \/>\nmusts\u00f5star ja kiviktaimla taimed ning p\u00f5hiv\u00e4etisena aedviljadele nagu hernes, uba ja kartul. V\u00e4etist sobib<br \/>\nkasutada ka s\u00fcgisel. K\u00f5rge fosfori ja kaaliumi sisaldus suurendab taimede haigus- ja k\u00fclmakindlust ning<br \/>\nvalmistab neid ette j\u00e4rgmise aasta kasvuks, rikkalikuks \u00f5itsemiseks ja saagi moodustamiseks.<br \/>\nKasutamine: Aia rajamisel (istutuseelne v\u00e4etamine): 1 kg 20 m2, Kevadisel v\u00e4etamisel: aiaviljad, marjap\u00f5\u00f5-<br \/>\nsad, \u00f5unapuud: 1kg 25 m2, S\u00fcgisesel v\u00e4etamisel: viljapuud 80 g\/m2, s\u00f5strad 80- 125 g p\u00f5\u00f5sa kohta, maasi-<br \/>\nkad 30-50 g p\u00f5\u00f5sa kohta, vaarikad, ilupuud ja \u2013p\u00f5\u00f5sad 30- 50 g\/m2, rododendronid 30- 50 g\/m2, roosid 50-60<br \/>\ng\/m2, p\u00fcsililled 30- 50 g\/m2.<br \/>\nKoostis: NPK 11-16-27, ammooniuml\u00e4mmastik 3% N, nitraatl\u00e4mmastik 7,8% N, veeslahustuv<br \/>\ndifosforpentaoksiid 16% P2O5, veeslahustuv kaaliumoksiid 27% K2O.<br \/>\nHoiustamine: S\u00e4ilitada originaalpakendis, kuivas, lastele ja koduloomadele k\u00e4ttesaamatus kohas.<br \/>\nS\u00e4ilitusaeg: Kasutusaeg ei ole piiratud.<br \/>\nNetomass: 5 kg<\/p>\n<p>Valmistamise aeg: 05.2022, Tootja: Niles O\u00dc<br \/>\nTurustaja: Niles O\u00dc, www.niles.ee<\/p>\n","protected":false},"featured_media":512,"comment_status":"open","ping_status":"closed","template":"","meta":{"spay_email":""},"product_cat":[22],"product_tag":[68],"class_list":["post-513","product","type-product","status-publish","has-post-thumbnail","hentry","product_cat-vaetis","product_tag-aia-ja-koogivilja-kompleksvaetis"],"_links":{"self":[{"href":"https:\/\/niles.ee\/et\/wp-json\/wp\/v2\/product\/513","targetHints":{"allow":["GET"]}}],"collection":[{"href":"https:\/\/niles.ee\/et\/wp-json\/wp\/v2\/product"}],"about":[{"href":"https:\/\/niles.ee\/et\/wp-json\/wp\/v2\/types\/product"}],"replies":[{"embeddable":true,"href":"https:\/\/niles.ee\/et\/wp-json\/wp\/v2\/comments?post=513"}],"wp:featuredmedia":[{"embeddable":true,"href":"https:\/\/niles.ee\/et\/wp-json\/wp\/v2\/media\/512"}],"wp:attachment":[{"href":"https:\/\/niles.ee\/et\/wp-json\/wp\/v2\/media?parent=513"}],"wp:term":[{"taxonomy":"product_cat","embeddable":true,"href":"https:\/\/niles.ee\/et\/wp-json\/wp\/v2\/product_cat?post=513"},{"taxonomy":"product_tag","embeddable":true,"href":"https:\/\/niles.ee\/et\/wp-json\/wp\/v2\/product_tag?post=513"}],"curies":[{"name":"wp","href":"https:\/\/api.w.org\/{rel}","templated":true}]}}