{"id":510,"date":"2023-11-21T13:51:23","date_gmt":"2023-11-21T10:51:23","guid":{"rendered":"https:\/\/niles.ee\/?post_type=product&#038;p=510"},"modified":"2023-11-21T13:52:25","modified_gmt":"2023-11-21T10:52:25","slug":"5kg-looduslik-mullaomaduste-parandaja-kaltsiumfosfaat","status":"publish","type":"product","link":"https:\/\/niles.ee\/et\/product\/5kg-looduslik-mullaomaduste-parandaja-kaltsiumfosfaat\/","title":{"rendered":"5KG Looduslik mullaomaduste parandaja- kaltsiumfosfaat"},"content":{"rendered":"<p>Looduslik mullaomaduste parandaja- kaltsiumfosfaat<br \/>\nMullaomaduste parandaja on looduslikku fosforit sisaldav mulla viljakust parandav aine, mis on saadud<br \/>\nfosfaattoorme jahvatamise teel. Kaltsiumfosfaat parandab mulla struktuuri, muutes selle vett ja \u00f5hku<br \/>\nparemini l\u00e4bilaskvaks ning suurendab mulla mikrobioloogilist aktiivsust, t\u00f5stes sellega mulla viljakust.<br \/>\nKaltsiumfosfaat stimuleerib taimede juurte arengut- juured tungivad s\u00fcgavamale mulda ja moodustavad<br \/>\npalju k\u00fclgharusid, mis kindlustab taimede parema toitainete ja veega varustatuse. V\u00e4etis toimib k\u00f5ige<br \/>\nparemini suurenenud happelisuse ja madala fosforisisaldusega muldadel. Kaltsiumfosfaat suurendab<br \/>\nviljapuude ja marjap\u00f5\u00f5saste ning aiakultuuride saaki, vastupidavust haigustele ning parandab p\u00f5ua- ja<br \/>\ntalvekindlust. Samuti suurendab v\u00e4etis kartuli t\u00e4rklise- ning maasikate suhkrusisaldust.<br \/>\nKasutamine: Kaltsiumfosfaati antakse kevadise ja s\u00fcgisese mullaharimise alla normiga 1 kg 20 m2.<br \/>\nKoostis: \u00fcldfosfor 42,7% P2O5, kaltsium 31,2% Ca, naatrium 5,3% Na<br \/>\nHoiustamine: S\u00e4ilitada originaalpakendis, kuivas, lastele ja koduloomadele k\u00e4ttesaamatus kohas.<br \/>\nS\u00e4ilitusaeg: Kasutusaeg ei ole piiratud.<br \/>\nNetomass: 3 kg<\/p>\n<p>Valmistamise aeg: 03.2022, Tootja: OOO Fosforit<br \/>\nTurustaja: Niles O\u00dc, www.niles.ee<\/p>","protected":false},"excerpt":{"rendered":"<p>Looduslik mullaomaduste parandaja- kaltsiumfosfaat<br \/>\nMullaomaduste parandaja on looduslikku fosforit sisaldav mulla viljakust parandav aine, mis on saadud<br \/>\nfosfaattoorme jahvatamise teel. Kaltsiumfosfaat parandab mulla struktuuri, muutes selle vett ja \u00f5hku<br \/>\nparemini l\u00e4bilaskvaks ning suurendab mulla mikrobioloogilist aktiivsust, t\u00f5stes sellega mulla viljakust.<br \/>\nKaltsiumfosfaat stimuleerib taimede juurte arengut- juured tungivad s\u00fcgavamale mulda ja moodustavad<br \/>\npalju k\u00fclgharusid, mis kindlustab taimede parema toitainete ja veega varustatuse. V\u00e4etis toimib k\u00f5ige<br \/>\nparemini suurenenud happelisuse ja madala fosforisisaldusega muldadel. Kaltsiumfosfaat suurendab<br \/>\nviljapuude ja marjap\u00f5\u00f5saste ning aiakultuuride saaki, vastupidavust haigustele ning parandab p\u00f5ua- ja<br \/>\ntalvekindlust. Samuti suurendab v\u00e4etis kartuli t\u00e4rklise- ning maasikate suhkrusisaldust.<br \/>\nKasutamine: Kaltsiumfosfaati antakse kevadise ja s\u00fcgisese mullaharimise alla normiga 1 kg 20 m2.<br \/>\nKoostis: \u00fcldfosfor 42,7% P2O5, kaltsium 31,2% Ca, naatrium 5,3% Na<br \/>\nHoiustamine: S\u00e4ilitada originaalpakendis, kuivas, lastele ja koduloomadele k\u00e4ttesaamatus kohas.<br \/>\nS\u00e4ilitusaeg: Kasutusaeg ei ole piiratud.<br \/>\nNetomass: 5 kg<\/p>\n<p>Valmistamise aeg: 03.2022, Tootja: OOO Fosforit<br \/>\nTurustaja: Niles O\u00dc, www.niles.ee<\/p>\n","protected":false},"featured_media":509,"comment_status":"open","ping_status":"closed","template":"","meta":{"spay_email":""},"product_cat":[22],"product_tag":[67],"class_list":["post-510","product","type-product","status-publish","has-post-thumbnail","hentry","product_cat-vaetis","product_tag-looduslik-mullaomaduste-parandaja-kaltsiumfosfaat"],"_links":{"self":[{"href":"https:\/\/niles.ee\/et\/wp-json\/wp\/v2\/product\/510","targetHints":{"allow":["GET"]}}],"collection":[{"href":"https:\/\/niles.ee\/et\/wp-json\/wp\/v2\/product"}],"about":[{"href":"https:\/\/niles.ee\/et\/wp-json\/wp\/v2\/types\/product"}],"replies":[{"embeddable":true,"href":"https:\/\/niles.ee\/et\/wp-json\/wp\/v2\/comments?post=510"}],"wp:featuredmedia":[{"embeddable":true,"href":"https:\/\/niles.ee\/et\/wp-json\/wp\/v2\/media\/509"}],"wp:attachment":[{"href":"https:\/\/niles.ee\/et\/wp-json\/wp\/v2\/media?parent=510"}],"wp:term":[{"taxonomy":"product_cat","embeddable":true,"href":"https:\/\/niles.ee\/et\/wp-json\/wp\/v2\/product_cat?post=510"},{"taxonomy":"product_tag","embeddable":true,"href":"https:\/\/niles.ee\/et\/wp-json\/wp\/v2\/product_tag?post=510"}],"curies":[{"name":"wp","href":"https:\/\/api.w.org\/{rel}","templated":true}]}}