{"id":506,"date":"2023-11-21T13:44:40","date_gmt":"2023-11-21T10:44:40","guid":{"rendered":"https:\/\/niles.ee\/?post_type=product&#038;p=506"},"modified":"2023-11-21T13:48:12","modified_gmt":"2023-11-21T10:48:12","slug":"5kg-koogivilja-kompleksvaetis","status":"publish","type":"product","link":"https:\/\/niles.ee\/et\/product\/5kg-koogivilja-kompleksvaetis\/","title":{"rendered":"5KG K\u00f6\u00f6givilja kompleksv\u00e4etis"},"content":{"rendered":"<p>K\u00f6\u00f6givilja kompleksv\u00e4etis<br \/>\nPrilleeritud t\u00e4isv\u00e4etis k\u00f6\u00f6giviljade, marjap\u00f5\u00f5saste, viljapuude, karuli ja muru v\u00e4etamiseks kasvu-<br \/>\nperioodil.<br \/>\nKasutamine: K\u00f6\u00f6giviljav\u00e4etist v\u00f5ib kasutada kevadest (aprill- mai) kuni vara s\u00fcgiseni (august-<br \/>\nseptember). V\u00e4etis laotada taime \u00fcmber, segada mullaga ja seej\u00e4rel taimi kasta.<br \/>\nKasutusnorm: 1 kg 25 m2<br \/>\nKoostis: NPK 11-16-27, ammooniuml\u00e4mmastik 3% N, nitraatl\u00e4mmastik 7,8% N, vees lahustuv<br \/>\ndifosforpentaoksiid 16% P2O5, vees lahustuv kaaliumoksiid 27% K2O<br \/>\nHoiustamine: S\u00e4ilitada originaalpakendis, kuivas, lastele ja koduloomadele k\u00e4ttesaamatus kohas.<br \/>\nS\u00e4ilitusaeg: Kasutusaeg ei ole piiratud.<br \/>\nNetomass: 5 kg<\/p>\n<p>Valmistamise aeg: 05.2022, Tootja: Niles O\u00dc<br \/>\nTurustaja: Niles O\u00dc, www.niles.ee<\/p>","protected":false},"excerpt":{"rendered":"<p>K\u00f6\u00f6givilja kompleksv\u00e4etis<br \/>\nPrilleeritud t\u00e4isv\u00e4etis k\u00f6\u00f6giviljade, marjap\u00f5\u00f5saste, viljapuude, karuli ja muru v\u00e4etamiseks kasvu-<br \/>\nperioodil.<br \/>\nKasutamine: K\u00f6\u00f6giviljav\u00e4etist v\u00f5ib kasutada kevadest (aprill- mai) kuni vara s\u00fcgiseni (august-<br \/>\nseptember). V\u00e4etis laotada taime \u00fcmber, segada mullaga ja seej\u00e4rel taimi kasta.<br \/>\nKasutusnorm: 1 kg 25 m2<br \/>\nKoostis: NPK 11-16-27, ammooniuml\u00e4mmastik 3% N, nitraatl\u00e4mmastik 7,8% N, vees lahustuv<br \/>\ndifosforpentaoksiid 16% P2O5, vees lahustuv kaaliumoksiid 27% K2O<br \/>\nHoiustamine: S\u00e4ilitada originaalpakendis, kuivas, lastele ja koduloomadele k\u00e4ttesaamatus kohas.<br \/>\nS\u00e4ilitusaeg: Kasutusaeg ei ole piiratud.<br \/>\nNetomass: 3 kg<\/p>\n<p>Valmistamise aeg: 05.2022, Tootja: Niles O\u00dc<br \/>\nTurustaja: Niles O\u00dc, www.niles.ee<\/p>\n","protected":false},"featured_media":504,"comment_status":"open","ping_status":"closed","template":"","meta":{"spay_email":""},"product_cat":[22],"product_tag":[66],"class_list":["post-506","product","type-product","status-publish","has-post-thumbnail","hentry","product_cat-vaetis","product_tag-koogivilja-kompleksvaetis"],"_links":{"self":[{"href":"https:\/\/niles.ee\/et\/wp-json\/wp\/v2\/product\/506","targetHints":{"allow":["GET"]}}],"collection":[{"href":"https:\/\/niles.ee\/et\/wp-json\/wp\/v2\/product"}],"about":[{"href":"https:\/\/niles.ee\/et\/wp-json\/wp\/v2\/types\/product"}],"replies":[{"embeddable":true,"href":"https:\/\/niles.ee\/et\/wp-json\/wp\/v2\/comments?post=506"}],"wp:featuredmedia":[{"embeddable":true,"href":"https:\/\/niles.ee\/et\/wp-json\/wp\/v2\/media\/504"}],"wp:attachment":[{"href":"https:\/\/niles.ee\/et\/wp-json\/wp\/v2\/media?parent=506"}],"wp:term":[{"taxonomy":"product_cat","embeddable":true,"href":"https:\/\/niles.ee\/et\/wp-json\/wp\/v2\/product_cat?post=506"},{"taxonomy":"product_tag","embeddable":true,"href":"https:\/\/niles.ee\/et\/wp-json\/wp\/v2\/product_tag?post=506"}],"curies":[{"name":"wp","href":"https:\/\/api.w.org\/{rel}","templated":true}]}}