{"id":499,"date":"2023-11-21T13:25:35","date_gmt":"2023-11-21T10:25:35","guid":{"rendered":"https:\/\/niles.ee\/?post_type=product&#038;p=499"},"modified":"2024-06-08T19:37:28","modified_gmt":"2024-06-08T16:37:28","slug":"muruvaetis","status":"publish","type":"product","link":"https:\/\/niles.ee\/et\/product\/muruvaetis\/","title":{"rendered":"3kg Muruv\u00e4etis"},"content":{"rendered":"<p>Muruv\u00e4etis<br \/>\nGranuleeritud v\u00e4etis murude v\u00e4etamiseks kasvuperioodil. Sobib h\u00e4sti erinevate murude ja murukattega<br \/>\nspordiplatside v\u00e4etamiseks. Toimib h\u00e4sti samblaeemaldajana.<br \/>\nKasutamine: muruv\u00e4etist v\u00f5ib kasutada kevadest s\u00fcgiseni vastavalt vajadusele. Soovitav v\u00e4etada enne<br \/>\nkastmist v\u00f5i vihma.<br \/>\nKasutusnorm: 10- 30 g\/m2<br \/>\nKoostis: N- CaO 15,5- 26,5 v\u00e4etis, \u00fcldl\u00e4mmastik 15,5 % N, vees lahustuv kaltsiumoksiid 26,5% CaO<br \/>\nHoiustamine: S\u00e4ilitada originaalpakendis, kuivas lastele ja koduloomadele k\u00e4ttesaamatus kohas.<br \/>\nS\u00e4ilitusaeg: kasutusaeg ei ole piiratud.<br \/>\nNetomass: 3 kg<\/p>\n<p>Valmistamise aeg: 03.2019 Tootja: Soome<br \/>\nTurustaja: Niles O\u00dc, www.niles.ee<\/p>","protected":false},"excerpt":{"rendered":"<p>Muruv\u00e4etis<br \/>\nGranuleeritud v\u00e4etis murude v\u00e4etamiseks kasvuperioodil. Sobib h\u00e4sti erinevate murude ja murukattega<br \/>\nspordiplatside v\u00e4etamiseks. Toimib h\u00e4sti samblaeemaldajana.<br \/>\nKasutamine: muruv\u00e4etist v\u00f5ib kasutada kevadest s\u00fcgiseni vastavalt vajadusele. Soovitav v\u00e4etada enne<br \/>\nkastmist v\u00f5i vihma.<br \/>\nKasutusnorm: 10- 30 g\/m2<br \/>\nKoostis: N- CaO 15,5- 26,5 v\u00e4etis, \u00fcldl\u00e4mmastik 15,5 % N, vees lahustuv kaltsiumoksiid 26,5% CaO<br \/>\nHoiustamine: S\u00e4ilitada originaalpakendis, kuivas lastele ja koduloomadele k\u00e4ttesaamatus kohas.<br \/>\nS\u00e4ilitusaeg: kasutusaeg ei ole piiratud.<br \/>\nNetomass: 3 kg<\/p>\n<p>Valmistamise aeg: 03.2019 Tootja: Soome<br \/>\nTurustaja: Niles O\u00dc, www.niles.ee<\/p>\n","protected":false},"featured_media":500,"comment_status":"open","ping_status":"closed","template":"","meta":{"spay_email":""},"product_cat":[22],"product_tag":[65],"class_list":["post-499","product","type-product","status-publish","has-post-thumbnail","hentry","product_cat-vaetis","product_tag-muruvaetis"],"_links":{"self":[{"href":"https:\/\/niles.ee\/et\/wp-json\/wp\/v2\/product\/499","targetHints":{"allow":["GET"]}}],"collection":[{"href":"https:\/\/niles.ee\/et\/wp-json\/wp\/v2\/product"}],"about":[{"href":"https:\/\/niles.ee\/et\/wp-json\/wp\/v2\/types\/product"}],"replies":[{"embeddable":true,"href":"https:\/\/niles.ee\/et\/wp-json\/wp\/v2\/comments?post=499"}],"wp:featuredmedia":[{"embeddable":true,"href":"https:\/\/niles.ee\/et\/wp-json\/wp\/v2\/media\/500"}],"wp:attachment":[{"href":"https:\/\/niles.ee\/et\/wp-json\/wp\/v2\/media?parent=499"}],"wp:term":[{"taxonomy":"product_cat","embeddable":true,"href":"https:\/\/niles.ee\/et\/wp-json\/wp\/v2\/product_cat?post=499"},{"taxonomy":"product_tag","embeddable":true,"href":"https:\/\/niles.ee\/et\/wp-json\/wp\/v2\/product_tag?post=499"}],"curies":[{"name":"wp","href":"https:\/\/api.w.org\/{rel}","templated":true}]}}