{"id":489,"date":"2023-11-21T11:10:57","date_gmt":"2023-11-21T08:10:57","guid":{"rendered":"https:\/\/niles.ee\/?post_type=product&#038;p=489"},"modified":"2025-04-12T17:39:27","modified_gmt":"2025-04-12T14:39:27","slug":"489","status":"publish","type":"product","link":"https:\/\/niles.ee\/et\/product\/489\/","title":{"rendered":"3Kg Okaspuuv\u00e4etis"},"content":{"rendered":"<p><img loading=\"lazy\" decoding=\"async\" class=\"alignnone size-medium wp-image-491\" src=\"https:\/\/niles.ee\/wp-content\/uploads\/2023\/11\/niles11-225x300.jpg\" alt=\"\" width=\"225\" height=\"300\" srcset=\"https:\/\/niles.ee\/wp-content\/uploads\/2023\/11\/niles11-225x300.jpg 225w, https:\/\/niles.ee\/wp-content\/uploads\/2023\/11\/niles11-768x1024.jpg 768w, https:\/\/niles.ee\/wp-content\/uploads\/2023\/11\/niles11-1152x1536.jpg 1152w, https:\/\/niles.ee\/wp-content\/uploads\/2023\/11\/niles11-1320x1760.jpg 1320w, https:\/\/niles.ee\/wp-content\/uploads\/2023\/11\/niles11-600x800.jpg 600w, https:\/\/niles.ee\/wp-content\/uploads\/2023\/11\/niles11.jpg 1536w\" sizes=\"auto, (max-width: 225px) 100vw, 225px\" \/><\/p>\n","protected":false},"excerpt":{"rendered":"<p>Okaspuuv\u00e4etis<br \/>\nPrilleeritud NPK t\u00e4isv\u00e4etis, mis sobib elupuude, kuuskede, m\u00e4ndide, kadakate ja pukspuude v\u00e4etamiseks.<br \/>\nKompleksv\u00e4etis sisaldab tasakaalustatult k\u00f5iki taimede kasvuks vajalikke toitaineid, k\u00f5rge fosfori ja<br \/>\nkaaliumi sisaldus suurendab taimede haigus- ja k\u00fclmakindlust, aitab kaasa v\u00f5rsete \u00f5igeaegsele puitumisele.<br \/>\nKasutamine: Aia rajamisel (istutuseelne v\u00e4etamine): 1 kg 20 m2.<br \/>\nKevadisel v\u00e4etamisel: 1 kg 25 m2<br \/>\nS\u00fcgisesel v\u00e4etamisel: 30-50 g\/m2<br \/>\nKoostis: NPK 11-16-27, ammooniuml\u00e4mmastik 3% N, nitraatl\u00e4mmastik 7,8% N, vees lahustuv difosfor-<br \/>\npentaoksiid 16% P2O5, vees lahustuv kaaliumoksiid 27% K2O<br \/>\nHoiustamine: S\u00e4ilitada originaalpakendis, kuivas, lastele ja koduloomadele k\u00e4ttesaamatus kohas.<br \/>\nS\u00e4ilitusaeg: N\u00f5uetekohasel s\u00e4ilitamisel ei ole kasutusaeg piiratud.<br \/>\nNetomass: 3 kg<\/p>\n","protected":false},"featured_media":491,"comment_status":"open","ping_status":"closed","template":"","meta":{"spay_email":""},"product_cat":[22],"product_tag":[64],"class_list":["post-489","product","type-product","status-publish","has-post-thumbnail","hentry","product_cat-vaetis","product_tag-okaspuuvaetis"],"_links":{"self":[{"href":"https:\/\/niles.ee\/et\/wp-json\/wp\/v2\/product\/489","targetHints":{"allow":["GET"]}}],"collection":[{"href":"https:\/\/niles.ee\/et\/wp-json\/wp\/v2\/product"}],"about":[{"href":"https:\/\/niles.ee\/et\/wp-json\/wp\/v2\/types\/product"}],"replies":[{"embeddable":true,"href":"https:\/\/niles.ee\/et\/wp-json\/wp\/v2\/comments?post=489"}],"wp:featuredmedia":[{"embeddable":true,"href":"https:\/\/niles.ee\/et\/wp-json\/wp\/v2\/media\/491"}],"wp:attachment":[{"href":"https:\/\/niles.ee\/et\/wp-json\/wp\/v2\/media?parent=489"}],"wp:term":[{"taxonomy":"product_cat","embeddable":true,"href":"https:\/\/niles.ee\/et\/wp-json\/wp\/v2\/product_cat?post=489"},{"taxonomy":"product_tag","embeddable":true,"href":"https:\/\/niles.ee\/et\/wp-json\/wp\/v2\/product_tag?post=489"}],"curies":[{"name":"wp","href":"https:\/\/api.w.org\/{rel}","templated":true}]}}