{"id":291,"date":"2016-03-21T18:24:11","date_gmt":"2016-03-21T18:24:11","guid":{"rendered":"http:\/\/asianitbd.com\/wp\/ecomanic\/?page_id=13"},"modified":"2021-10-13T11:50:51","modified_gmt":"2021-10-13T08:50:51","slug":"services","status":"publish","type":"page","link":"https:\/\/niles.ee\/et\/services\/","title":{"rendered":"Teenused ja Toodang"},"content":{"rendered":"<p>[vc_row container=&#8221;1&#8243; el_class=&#8221;featured-image-section style-two no-padd-bottom no-padd-top&#8221;][vc_column width=&#8221;1\/3&#8243;]<div class=\"custom-column\">\r\n                \t\r\n    <!--Featured Image Box-->\r\n    <article class=\"featured-image-column\">\r\n        <div class=\"inner-box\">\r\n            <figure class=\"image\"><img decoding=\"async\" src=\"https:\/\/niles.ee\/wp-content\/uploads\/2021\/10\/6web.jpg\" alt=\"Image\"><\/figure>\r\n            <div class=\"overlay-box\">\r\n                <div class=\"overlay-inner\">\r\n                    <div class=\"overlay-content\">\r\n                        <h3>SEGAMINE<\/h3>\r\n                        <h4 class=\"montserrat-font\"><\/h4>\r\n                    <\/div>\r\n                <\/div>\r\n            <\/div>\r\n        <\/div>\r\n    <\/article>\r\n<\/div>\r\n\r\n[vc_row_inner][vc_column_inner]<div class=\"custom-column\">\r\n                \t\r\n    <!--Featured Image Box-->\r\n    <article class=\"featured-image-column\">\r\n        <div class=\"inner-box\">\r\n            <figure class=\"image\"><img decoding=\"async\" src=\"https:\/\/niles.ee\/wp-content\/uploads\/2021\/10\/4web.jpg\" alt=\"Image\"><\/figure>\r\n            <div class=\"overlay-box\">\r\n                <div class=\"overlay-inner\">\r\n                    <div class=\"overlay-content\">\r\n                        <h3>TOOTE HOIUSTAMINE<\/h3>\r\n                        <h4 class=\"montserrat-font\"><\/h4>\r\n                    <\/div>\r\n                <\/div>\r\n            <\/div>\r\n        <\/div>\r\n    <\/article>\r\n<\/div>\r\n\r\n[\/vc_column_inner][\/vc_row_inner][\/vc_column][vc_column width=&#8221;2\/3&#8243;]<div class=\"custom-column\">\r\n<!--Featured Image Box-->\r\n    <article class=\"featured-image-column\">\r\n        <div class=\"inner-box\">\r\n            <figure class=\"image\"><img decoding=\"async\" src=\"https:\/\/niles.ee\/wp-content\/uploads\/2021\/10\/proizvodstvo1.jpg\" alt=\"Image\"><\/figure>\r\n            <div class=\"overlay-box\">\r\n                <div class=\"overlay-inner\">\r\n                    <div class=\"overlay-content\">\r\n                        <h3>TOODANG<\/h3>\r\n                        <h4 class=\"montserrat-font\">V\u00e4etiste toodang<\/h4>\r\n                        <div class=\"text\">Saame toota palju erinevaid v\u00e4etiseid s\u00f5ltuvalt kliendi n\u00f5uetest.<\/div>\r\n                        <a href=\"https:\/\/niles.ltd\/contact\" class=\"theme-btn btn-style-six\">Kontakt<\/a> &ensp; \r\n                        <a href=\"https:\/\/niles.ltd\/eshop\" class=\"theme-btn btn-style-five\">E-pood<\/a>\r\n                    <\/div>\r\n                <\/div>\r\n            <\/div>\r\n        <\/div>\r\n    <\/article>\r\n\r\n<\/div>\r\n\r\n[\/vc_column][\/vc_row][vc_row container=&#8221;1&#8243; el_class=&#8221;default-section no-padd-bottom&#8221;][vc_column]<!--Column-->\r\n<div class=\"column text-column\">\r\n    \r\n    <div class=\"sec-title\">\r\n        <div class=\"theme-subtitle\">TOODANG<\/div>\r\n        <h2>TOODANG REALISEERIMISE JAOKS:<\/h2>\r\n    <\/div>\r\n    \r\n    \r\n    <div class=\"text\">\r\n        <p><\/p>\n<blockquote><p>Urea 46,2:0:0<br \/>\nAmmonium nitrate N 34,4:0:0<\/p>\n<p>NS 21-24<br \/>\nAmmonium sulfate<br \/>\nAmmophos MAP 12:52:0<br \/>\nDAP Fertilizer DAP 18:46:0<br \/>\nDiammofoska NPK 10:26:26<br \/>\nNitrogen-phosphorus-potassium fertilizer NPK<br \/>\n9:25:25 12:32:12 + 1,6 \u2013 1,8S<br \/>\n13:19:19 + 6S 23:10:10<br \/>\n15:15:15 +7 \u2013 11S 25:15:5 EU<br \/>\n16-16-16<br \/>\n8-19-29+3S<br \/>\n10:20:20 + 3,5 \u2013 4S 18:8:16<\/p>\n<p>Sulfatammofos NP + S<br \/>\n20:20:0 + 14S<br \/>\n14:34:0 + 8S<br \/>\n16:20:0 + 14S<\/p>\n<p>Magnesium Sulfate<br \/>\nMagnesium oxide<br \/>\nPotassium Sulfate<br \/>\nPhosphate flow<br \/>\nSamuti on n\u00f5udmisel v\u00f5imalik muude v\u00e4etise valemite tarnimine.<\/p><\/blockquote>\n<p><\/p>\r\n    <\/div>\r\n<\/div>\r\n\r\n[\/vc_column][\/vc_row]<\/p>","protected":false},"excerpt":{"rendered":"<p>[vc_row container=&#8221;1&#8243; el_class=&#8221;featured-image-section style-two no-padd-bottom no-padd-top&#8221;][vc_column width=&#8221;1\/3&#8243;][vc_row_inner][vc_column_inner][\/vc_column_inner][\/vc_row_inner][\/vc_column][vc_column width=&#8221;2\/3&#8243;][\/vc_column][\/vc_row][vc_row container=&#8221;1&#8243; el_class=&#8221;default-section no-padd-bottom&#8221;][vc_column][\/vc_column][\/vc_row]<\/p>\n","protected":false},"author":1,"featured_media":0,"parent":0,"menu_order":0,"comment_status":"closed","ping_status":"closed","template":"tpl-visual_composer.php","meta":{"spay_email":"","footnotes":""},"class_list":["post-291","page","type-page","status-publish","hentry"],"_links":{"self":[{"href":"https:\/\/niles.ee\/et\/wp-json\/wp\/v2\/pages\/291","targetHints":{"allow":["GET"]}}],"collection":[{"href":"https:\/\/niles.ee\/et\/wp-json\/wp\/v2\/pages"}],"about":[{"href":"https:\/\/niles.ee\/et\/wp-json\/wp\/v2\/types\/page"}],"author":[{"embeddable":true,"href":"https:\/\/niles.ee\/et\/wp-json\/wp\/v2\/users\/1"}],"replies":[{"embeddable":true,"href":"https:\/\/niles.ee\/et\/wp-json\/wp\/v2\/comments?post=291"}],"version-history":[{"count":13,"href":"https:\/\/niles.ee\/et\/wp-json\/wp\/v2\/pages\/291\/revisions"}],"predecessor-version":[{"id":465,"href":"https:\/\/niles.ee\/et\/wp-json\/wp\/v2\/pages\/291\/revisions\/465"}],"wp:attachment":[{"href":"https:\/\/niles.ee\/et\/wp-json\/wp\/v2\/media?parent=291"}],"curies":[{"name":"wp","href":"https:\/\/api.w.org\/{rel}","templated":true}]}}