{"id":290,"date":"2016-03-21T18:23:49","date_gmt":"2016-03-21T18:23:49","guid":{"rendered":"http:\/\/asianitbd.com\/wp\/ecomanic\/?page_id=12"},"modified":"2021-10-13T11:57:03","modified_gmt":"2021-10-13T08:57:03","slug":"about","status":"publish","type":"page","link":"https:\/\/niles.ee\/et\/about\/","title":{"rendered":"Meist"},"content":{"rendered":"<p>[vc_row][vc_column]<!--Default Section-->\r\n<section class=\"default-section\">\r\n    <div class=\"auto-container\">\r\n        <div class=\"row clearfix\">\r\n            \r\n            <!--Column-->\r\n            <div class=\"column text-column col-md-6 col-sm-12 col-xs-12\">\r\n                <div class=\"sec-title\">\r\n                    <div class=\"theme-text-green\">Meist<\/div>\r\n                    <h2>niles<\/h2>\r\n                <\/div>\r\n                <div class=\"text\">\r\n                \t<strong>Ettev\u00f5te Niles O\u00dc tegeleb mineraal- ja kaaliumv\u00e4etiste tarnimise, hulgi- ja jaem\u00fc\u00fcgiga Eesti siseturule, Euroopasse, Skandinaaviasse ja L\u00f5una -Aafrika Vabariikidesse.<\/strong><\/p>\n<p>&nbsp;<\/p>\n<p><strong>Ettev\u00f5te t\u00f6\u00f6tab turul alates 1995. aastast ja omab mineraal- ja kaaliumv\u00e4etiste j\u00e4\u00e4tmete t\u00f6\u00f6tlemisluba. Ettev\u00f5ttel on Eesti s\u00fcdames oma baas v\u00e4etiste hoidmiseks, pakkimiseks, t\u00f6\u00f6tlemiseks ja segamiseks ja kliendi soovil valemi saamiseks. Samuti on olemas t\u00f6\u00f6stus Paldiski sadamas, kust saab v\u00e4ga mugavalt teostada valmistoodete vedu laevade, vagunite ja autodega.<\/strong><\/p>\n<p><strong>Peale selle, pakub meie ettev\u00f5te kuiva ja vedelal kujul mikroelementide lisamisega segude tootmise teenuseid. Kui teil on vaja valmistada oma toodangust segu, saate seda meie juures teha. Meie seade asub Paldiski sadamas. Liini l\u00e4bilaskev\u00f5ime on kuni 70 T tunnis. Saame pakkida suurtesse kottidesse 500 kuni 1200 kg. Samuti kottidesse 25 \u2013 50 kg \u2014 see on 800 kotti tunnis.<\/strong><\/p>\n<p><strong>Valmistume ette sapropeeltoodete tootmiseks ja granuleerimiseks, lisades muid keskkonnas\u00f5bralikke tooteid, nagu kaaliumsulfaat, fosforiidijahu jne. L\u00e4bilaskev\u00f5ime on kuni 50 T valmistoodangut.<\/strong><\/p>\n<p>                <\/div>\r\n                \r\n                \r\n                <a class=\"theme-btn btn-style-one\" href=\"http:\/\/niles.ltd\/services\/\">Teenused<\/a> &ensp; <a class=\"theme-btn btn-style-two\" href=\"http:\/\/niles.ltd\/eshop\/\">E-Pood<\/a>\r\n                \r\n            <\/div>\r\n            \r\n            <!--Column-->\r\n            <div class=\"column image-column col-md-6 col-sm-12 col-xs-12 clearfix\">\r\n                \r\n                <figure class=\"image text-right with-offset pull-right\"><img decoding=\"async\" src=\"https:\/\/niles.ee\/wp-content\/uploads\/2021\/09\/fish-fertilizer-header.jpg\" alt=\"Image\"><\/figure>\r\n                \r\n            <\/div>\r\n            \r\n        <\/div>\r\n    <\/div>\r\n<\/section>\r\n\r\n[\/vc_column][\/vc_row][vc_row][vc_column]   \r\n   \r\n<!--Team Section-->\r\n<section class=\"team-section no-padd-top\">\r\n    <div class=\"auto-container\">\r\n    \r\n        <div class=\"sec-title text-center\">\r\n            <div class=\"title-style-one\"><h2>Meet Our Team<\/h2><\/div>\r\n        <\/div>\r\n        \r\n        <div class=\"row clearfix\">\r\n            \r\n                        <!--Member-->\r\n            <article class=\"col-md-3 col-sm-6 col-xs-12 member-column wow fadeInUp\" data-wow-delay=\"0ms\" data-wow-duration=\"1500ms\">\r\n                <div class=\"inner-box\">\r\n                    <figure class=\"image\">\r\n                        <a href=\"\"><\/a>\r\n                    <\/figure>\r\n                    <div class=\"member-title\">\r\n                        <h4>Nikolai Kop\u00f5rin<\/h4>\r\n                        <p>Director<\/p>\r\n                    <\/div>\r\n                    <div class=\"member-desc\">\r\n                        <p>+372 5159730<\/p>\r\n                    <\/div>\r\n                                            <ul class=\"social-links clearfix\">\r\n                                                            \r\n                                <li><a href=\"tel:+3725159730\" class=\"fa fa fa-phone\"><\/a><\/li>\r\n                            \r\n                                                    <\/ul>\r\n                                        \r\n                <\/div>\r\n            <\/article>\r\n                        <!--Member-->\r\n            <article class=\"col-md-3 col-sm-6 col-xs-12 member-column wow fadeInUp\" data-wow-delay=\"0ms\" data-wow-duration=\"1500ms\">\r\n                <div class=\"inner-box\">\r\n                    <figure class=\"image\">\r\n                        <a href=\"\"><\/a>\r\n                    <\/figure>\r\n                    <div class=\"member-title\">\r\n                        <h4>Tatjana Ljubimtseva<\/h4>\r\n                        <p>Production Manager<\/p>\r\n                    <\/div>\r\n                    <div class=\"member-desc\">\r\n                        <p>+372 56252371<\/p>\r\n                    <\/div>\r\n                                            <ul class=\"social-links clearfix\">\r\n                                                            \r\n                                <li><a href=\"tel:+37256252371\" class=\"fa fa fa-phone\"><\/a><\/li>\r\n                            \r\n                                                    <\/ul>\r\n                                        \r\n                <\/div>\r\n            <\/article>\r\n                        <!--Member-->\r\n            <article class=\"col-md-3 col-sm-6 col-xs-12 member-column wow fadeInUp\" data-wow-delay=\"0ms\" data-wow-duration=\"1500ms\">\r\n                <div class=\"inner-box\">\r\n                    <figure class=\"image\">\r\n                        <a href=\"\"><\/a>\r\n                    <\/figure>\r\n                    <div class=\"member-title\">\r\n                        <h4>Tatjana Kop\u00f5rina<\/h4>\r\n                        <p>Sales Manager<\/p>\r\n                    <\/div>\r\n                    <div class=\"member-desc\">\r\n                        <p>+372 53411148<\/p>\r\n                    <\/div>\r\n                                            <ul class=\"social-links clearfix\">\r\n                                                            \r\n                                <li><a href=\"tel:+37253411148\" class=\"fa fa fa-phone\"><\/a><\/li>\r\n                            \r\n                                                    <\/ul>\r\n                                        \r\n                <\/div>\r\n            <\/article>\r\n                        <!--Member-->\r\n            <article class=\"col-md-3 col-sm-6 col-xs-12 member-column wow fadeInUp\" data-wow-delay=\"0ms\" data-wow-duration=\"1500ms\">\r\n                <div class=\"inner-box\">\r\n                    <figure class=\"image\">\r\n                        <a href=\"\"><\/a>\r\n                    <\/figure>\r\n                    <div class=\"member-title\">\r\n                        <h4>Tatjana Ljubimtseva<\/h4>\r\n                        <p>Global Sales Manager<\/p>\r\n                    <\/div>\r\n                    <div class=\"member-desc\">\r\n                        <p>+372 56252371<\/p>\r\n                    <\/div>\r\n                                            <ul class=\"social-links clearfix\">\r\n                                                            \r\n                                <li><a href=\"tel:+37256252371\" class=\"fa fa fa-phone\"><\/a><\/li>\r\n                            \r\n                                                    <\/ul>\r\n                                        \r\n                <\/div>\r\n            <\/article>\r\n                        \r\n        <\/div>\r\n    <\/div>\r\n<\/section>\r\n\r\n[\/vc_column][\/vc_row]<\/p>","protected":false},"excerpt":{"rendered":"<p>[vc_row][vc_column][\/vc_column][\/vc_row][vc_row][vc_column][\/vc_column][\/vc_row]<\/p>\n","protected":false},"author":1,"featured_media":0,"parent":0,"menu_order":0,"comment_status":"closed","ping_status":"closed","template":"tpl-visual_composer.php","meta":{"spay_email":"","footnotes":""},"class_list":["post-290","page","type-page","status-publish","hentry"],"_links":{"self":[{"href":"https:\/\/niles.ee\/et\/wp-json\/wp\/v2\/pages\/290","targetHints":{"allow":["GET"]}}],"collection":[{"href":"https:\/\/niles.ee\/et\/wp-json\/wp\/v2\/pages"}],"about":[{"href":"https:\/\/niles.ee\/et\/wp-json\/wp\/v2\/types\/page"}],"author":[{"embeddable":true,"href":"https:\/\/niles.ee\/et\/wp-json\/wp\/v2\/users\/1"}],"replies":[{"embeddable":true,"href":"https:\/\/niles.ee\/et\/wp-json\/wp\/v2\/comments?post=290"}],"version-history":[{"count":6,"href":"https:\/\/niles.ee\/et\/wp-json\/wp\/v2\/pages\/290\/revisions"}],"predecessor-version":[{"id":468,"href":"https:\/\/niles.ee\/et\/wp-json\/wp\/v2\/pages\/290\/revisions\/468"}],"wp:attachment":[{"href":"https:\/\/niles.ee\/et\/wp-json\/wp\/v2\/media?parent=290"}],"curies":[{"name":"wp","href":"https:\/\/api.w.org\/{rel}","templated":true}]}}