{"id":289,"date":"2016-03-21T18:23:31","date_gmt":"2016-03-21T18:23:31","guid":{"rendered":"http:\/\/asianitbd.com\/wp\/ecomanic\/?page_id=11"},"modified":"2016-03-21T18:23:31","modified_gmt":"2016-03-21T18:23:31","slug":"homepage-three","status":"publish","type":"page","link":"https:\/\/niles.ee\/et\/homepage-three\/","title":{"rendered":"Homepage Three"},"content":{"rendered":"<p>[vc_row el_class=&#8221;main-slider revolution-slider&#8221;][vc_column][rev_slider_vc alias=&#8221;home&#8221;][\/vc_column][\/vc_row][vc_row][vc_column]<!--Fluid Section-->\r\n<section class=\"fluid-section\">\r\n    <div class=\"outer-box clearfix\">\r\n        \r\n        <!--Featured Fluid Column-->\r\n        <div class=\"column featured-fluid-col\">\r\n            <div class=\"inner-box text-center\">\r\n                <div class=\"title-style-one\"><h2>WE LOVE WHAT WE DO<\/h2><\/div>\r\n                <div class=\"text\">Lorem ipsum dolor sit amet, consetetur sadipscing elitr, sed diam nonumy eirmod tempor invidunt ut labore et dolore magna aliquyam erat, sed diam voluptua. <\/div>\r\n                <figure class=\"image-box\"><img decoding=\"async\" src=\"https:\/\/niles.ee\/wp-content\/uploads\/2016\/03\/placeholder-23.jpg\" alt=\"Image\"><\/figure>\r\n            <\/div>\r\n        <\/div>\r\n        \r\n        <!--Featured Form Column-->\r\n        <div class=\"column featured-form-col\">\r\n            <div class=\"inner-box\">\r\n                <div class=\"title-style-one text-center\"><h2>make an appointment<\/h2><\/div>\r\n                <div class=\"text text-center\">Lorem ipsum dolor sit amet, consetetur sadipscing elitr, sed diam nonumy eirmod tempor invidunt ut labore et dolore magna aliquyam erat, sed diam voluptua. <\/div>\r\n                \r\n                <div class=\"appointment-form\">\r\n                    [contact-form-7 id=\"103\" title=\"appointment form\"]                    \r\n                    <div class=\"separator\"><\/div>\r\n                    <ul class=\"info-box text-center\"><li>78 Avenue Street<\/li> <li>Beverly Hills Abony, NYC 12041<\/li> <li>Phone: (800) 0123 4567 890<\/li><\/ul>\r\n                <\/div>\r\n                \r\n            <\/div>\r\n        <\/div>\r\n        \r\n    <\/div>\r\n<\/section>\r\n\r\n[\/vc_column][\/vc_row][vc_row][vc_column]   \r\n   \r\n<!--Gallery Section-->\r\n<section class=\"gallery-section slider-section no-padd-top\">\r\n    <div class=\"slider-outer\">\r\n        <!--Carousel Outer-->\r\n        <div class=\"carousel-slider four-column\">\r\n            \r\n            \t\t\t            <!--Image Box-->\r\n            <div class=\"image-box\">\r\n                <div class=\"inner-box\">\r\n                    <figure class=\"image\"><a href=\"https:\/\/niles.ee\/wp-content\/uploads\/2021\/10\/15web.jpg\" class=\"lightbox-image\"><img loading=\"lazy\" decoding=\"async\" width=\"380\" height=\"300\" src=\"https:\/\/niles.ee\/wp-content\/uploads\/2021\/10\/15web-380x300.jpg\" class=\"img-responsive wp-post-image\" alt=\"\" \/><\/a><\/figure>\r\n                    <a href=\"https:\/\/niles.ee\/wp-content\/uploads\/2021\/10\/15web.jpg\" class=\"lightbox-image btn-zoom\"><span class=\"icon flaticon-round69\"><\/span><\/a>\r\n                <\/div>\r\n            <\/div>\r\n            \t\t\t            <!--Image Box-->\r\n            <div class=\"image-box\">\r\n                <div class=\"inner-box\">\r\n                    <figure class=\"image\"><a href=\"https:\/\/niles.ee\/wp-content\/uploads\/2021\/10\/14web.jpg\" class=\"lightbox-image\"><img loading=\"lazy\" decoding=\"async\" width=\"380\" height=\"300\" src=\"https:\/\/niles.ee\/wp-content\/uploads\/2021\/10\/14web-380x300.jpg\" class=\"img-responsive wp-post-image\" alt=\"\" \/><\/a><\/figure>\r\n                    <a href=\"https:\/\/niles.ee\/wp-content\/uploads\/2021\/10\/14web.jpg\" class=\"lightbox-image btn-zoom\"><span class=\"icon flaticon-round69\"><\/span><\/a>\r\n                <\/div>\r\n            <\/div>\r\n            \t\t\t            <!--Image Box-->\r\n            <div class=\"image-box\">\r\n                <div class=\"inner-box\">\r\n                    <figure class=\"image\"><a href=\"https:\/\/niles.ee\/wp-content\/uploads\/2021\/10\/13web.jpg\" class=\"lightbox-image\"><img loading=\"lazy\" decoding=\"async\" width=\"380\" height=\"300\" src=\"https:\/\/niles.ee\/wp-content\/uploads\/2021\/10\/13web-380x300.jpg\" class=\"img-responsive wp-post-image\" alt=\"\" \/><\/a><\/figure>\r\n                    <a href=\"https:\/\/niles.ee\/wp-content\/uploads\/2021\/10\/13web.jpg\" class=\"lightbox-image btn-zoom\"><span class=\"icon flaticon-round69\"><\/span><\/a>\r\n                <\/div>\r\n            <\/div>\r\n            \t\t\t            <!--Image Box-->\r\n            <div class=\"image-box\">\r\n                <div class=\"inner-box\">\r\n                    <figure class=\"image\"><a href=\"https:\/\/niles.ee\/wp-content\/uploads\/2021\/10\/16web.jpg\" class=\"lightbox-image\"><img loading=\"lazy\" decoding=\"async\" width=\"380\" height=\"300\" src=\"https:\/\/niles.ee\/wp-content\/uploads\/2021\/10\/16web-380x300.jpg\" class=\"img-responsive wp-post-image\" alt=\"\" \/><\/a><\/figure>\r\n                    <a href=\"https:\/\/niles.ee\/wp-content\/uploads\/2021\/10\/16web.jpg\" class=\"lightbox-image btn-zoom\"><span class=\"icon flaticon-round69\"><\/span><\/a>\r\n                <\/div>\r\n            <\/div>\r\n            \t\t\t            <!--Image Box-->\r\n            <div class=\"image-box\">\r\n                <div class=\"inner-box\">\r\n                    <figure class=\"image\"><a href=\"https:\/\/niles.ee\/wp-content\/uploads\/2021\/10\/10web.jpg\" class=\"lightbox-image\"><img loading=\"lazy\" decoding=\"async\" width=\"380\" height=\"300\" src=\"https:\/\/niles.ee\/wp-content\/uploads\/2021\/10\/10web-380x300.jpg\" class=\"img-responsive wp-post-image\" alt=\"\" \/><\/a><\/figure>\r\n                    <a href=\"https:\/\/niles.ee\/wp-content\/uploads\/2021\/10\/10web.jpg\" class=\"lightbox-image btn-zoom\"><span class=\"icon flaticon-round69\"><\/span><\/a>\r\n                <\/div>\r\n            <\/div>\r\n            \t\t\t            <!--Image Box-->\r\n            <div class=\"image-box\">\r\n                <div class=\"inner-box\">\r\n                    <figure class=\"image\"><a href=\"https:\/\/niles.ee\/wp-content\/uploads\/2021\/10\/9web.jpg\" class=\"lightbox-image\"><img loading=\"lazy\" decoding=\"async\" width=\"380\" height=\"300\" src=\"https:\/\/niles.ee\/wp-content\/uploads\/2021\/10\/9web-380x300.jpg\" class=\"img-responsive wp-post-image\" alt=\"\" \/><\/a><\/figure>\r\n                    <a href=\"https:\/\/niles.ee\/wp-content\/uploads\/2021\/10\/9web.jpg\" class=\"lightbox-image btn-zoom\"><span class=\"icon flaticon-round69\"><\/span><\/a>\r\n                <\/div>\r\n            <\/div>\r\n            \t\t\t            <!--Image Box-->\r\n            <div class=\"image-box\">\r\n                <div class=\"inner-box\">\r\n                    <figure class=\"image\"><a href=\"https:\/\/niles.ee\/wp-content\/uploads\/2021\/10\/8web.jpg\" class=\"lightbox-image\"><img loading=\"lazy\" decoding=\"async\" width=\"380\" height=\"300\" src=\"https:\/\/niles.ee\/wp-content\/uploads\/2021\/10\/8web-380x300.jpg\" class=\"img-responsive wp-post-image\" alt=\"\" \/><\/a><\/figure>\r\n                    <a href=\"https:\/\/niles.ee\/wp-content\/uploads\/2021\/10\/8web.jpg\" class=\"lightbox-image btn-zoom\"><span class=\"icon flaticon-round69\"><\/span><\/a>\r\n                <\/div>\r\n            <\/div>\r\n            \t\t\t            <!--Image Box-->\r\n            <div class=\"image-box\">\r\n                <div class=\"inner-box\">\r\n                    <figure class=\"image\"><a href=\"https:\/\/niles.ee\/wp-content\/uploads\/2021\/10\/7web.jpg\" class=\"lightbox-image\"><img loading=\"lazy\" decoding=\"async\" width=\"380\" height=\"300\" src=\"https:\/\/niles.ee\/wp-content\/uploads\/2021\/10\/7web-380x300.jpg\" class=\"img-responsive wp-post-image\" alt=\"\" \/><\/a><\/figure>\r\n                    <a href=\"https:\/\/niles.ee\/wp-content\/uploads\/2021\/10\/7web.jpg\" class=\"lightbox-image btn-zoom\"><span class=\"icon flaticon-round69\"><\/span><\/a>\r\n                <\/div>\r\n            <\/div>\r\n                        \r\n        <\/div>\r\n        \r\n    <\/div>\r\n<\/section>\r\n\r\n[\/vc_column][\/vc_row][vc_row][vc_column]<!--Default Section-->\r\n<section class=\"default-section\">\r\n    <div class=\"auto-container\">\r\n        <div class=\"row clearfix\">\r\n            \r\n            <!--Column-->\r\n            <div class=\"column text-column col-md-7 col-sm-12 col-xs-12\">\r\n                <div class=\"sec-title\">\r\n                    <div class=\"theme-text-green\">CARING FOR FLOWERS<\/div>\r\n                    <h2>our service features<\/h2>\r\n                <\/div>\r\n                <div class=\"text\"><p>Lorem ipsum dolor sit amet. Lorem ipsum dolor sit amet, consetetur sadipscing elitr, sed diam nonumy eirmod tempor invidunt ut labore et dolore magna aliquyam erat, sed diam voluptua. At vero eos et accusam et justo duo dolores et ea rebum. Stet clita kasd gubergren, no sea takimata sanctus est Lorem ipsum dolor sit amet. Duis autem vel eum iriure dolor in hendrerit in vulputate velit esse molestie consequat, vel illum dolore eu feugiat nulla facilisis.<\/p><\/div>\r\n                \r\n                <ul class=\"styled-list-one\">\r\n                    \t\t\t\t\t\t                            <li>Lorem ipsum dolor sit amet, consetetur sadipscing elitr mepgis eglage erat<br \/><\/li>\r\n                                                    <li>Sed diam nonumy eirmod tempor invidunt ut labore et dolore<br \/><\/li>\r\n                                                    <li>Sadipscing elitr, sed diam nonumy eirmod tempor invidunt colore intus ment<br \/><\/li>\r\n                                                    <li>No sea takimata sanctus est lorem ipsum dolor sit amet ipsum estara men<br \/><\/li>\r\n                                                    <li>Sed diam nonumy eirmod tempor invidunt ut labore et dolore<br \/><\/li>\r\n                                                    <li>Sadipscing elitr, sed diam nonumy eirmod tempor invidunt colore intus ment<\/li>\r\n                                        <\/ul>\r\n                \r\n                <a class=\"theme-btn btn-style-one\" href=\"#\">More About Us<\/a> &ensp; <a class=\"theme-btn btn-style-two\" href=\"#\">Our Services<\/a>\r\n                \r\n            <\/div>\r\n            \r\n            <!--Column-->\r\n            <div class=\"column image-column col-md-5 col-sm-12 col-xs-12\">\r\n                \r\n                <figure class=\"image text-right\"><img decoding=\"async\" src=\"https:\/\/niles.ee\/wp-content\/uploads\/2016\/03\/placeholder-24.jpg\" alt=\"Image\"><\/figure>\r\n                \r\n            <\/div>\r\n            \r\n        <\/div>\r\n    <\/div>\r\n<\/section>\r\n\r\n[\/vc_column][\/vc_row][vc_row][vc_column]   \r\n   \r\n<!--Services Section-->\r\n<section class=\"services-section-one\">\r\n    <div class=\"auto-container\">\r\n    \r\n        <div class=\"sec-title text-center\">\r\n            <div class=\"title-style-one\"><h2>Check Our Services<\/h2><\/div>\r\n        <\/div>\r\n        \r\n        <div class=\"row clearfix\">\r\n        \r\n                        <article class=\"col-md-4 col-sm-12 col-xs-12 icon-column\">\r\n                <div class=\"inner\">\r\n                    <div class=\"icon\"><span class=\"flaticon-leaf64\"><\/span><\/div>\r\n                    <h3>planting with hands<\/h3>\r\n                    <div class=\"text\">Lorem ipsum dolor sit amet, consetetur sadipscing elitr, sed diam nonumy eirmod tempor invidunt.<\/div>\r\n                <\/div>\r\n            <\/article>\r\n                        <article class=\"col-md-4 col-sm-12 col-xs-12 icon-column\">\r\n                <div class=\"inner\">\r\n                    <div class=\"icon\"><span class=\"flaticon-tool680\"><\/span><\/div>\r\n                    <h3>planting with hands<\/h3>\r\n                    <div class=\"text\">Lorem ipsum dolor sit amet, consetetur sadipscing elitr, sed diam nonumy eirmod tempor invidunt.<\/div>\r\n                <\/div>\r\n            <\/article>\r\n                        <article class=\"col-md-4 col-sm-12 col-xs-12 icon-column\">\r\n                <div class=\"inner\">\r\n                    <div class=\"icon\"><span class=\"flaticon-spring1\"><\/span><\/div>\r\n                    <h3>Spring Service<\/h3>\r\n                    <div class=\"text\">Lorem ipsum dolor sit amet, consetetur sadipscing elitr, sed diam nonumy eirmod tempor invidunt.<\/div>\r\n                <\/div>\r\n            <\/article>\r\n                        <article class=\"col-md-4 col-sm-12 col-xs-12 icon-column\">\r\n                <div class=\"inner\">\r\n                    <div class=\"icon\"><span class=\"flaticon-tool680\"><\/span><\/div>\r\n                    <h3>Watering Service<\/h3>\r\n                    <div class=\"text\">Lorem ipsum dolor sit amet, consetetur sadipscing elitr, sed diam nonumy eirmod tempor invidunt.<\/div>\r\n                <\/div>\r\n            <\/article>\r\n                        <article class=\"col-md-4 col-sm-12 col-xs-12 icon-column\">\r\n                <div class=\"inner\">\r\n                    <div class=\"icon\"><span class=\"flaticon-barrow2\"><\/span><\/div>\r\n                    <h3>Planting Service<\/h3>\r\n                    <div class=\"text\">Lorem ipsum dolor sit amet, consetetur sadipscing elitr, sed diam nonumy eirmod tempor invidunt.<\/div>\r\n                <\/div>\r\n            <\/article>\r\n                        <article class=\"col-md-4 col-sm-12 col-xs-12 icon-column\">\r\n                <div class=\"inner\">\r\n                    <div class=\"icon\"><span class=\"flaticon-cut27\"><\/span><\/div>\r\n                    <h3>Cutting Service<\/h3>\r\n                    <div class=\"text\">Lorem ipsum dolor sit amet, consetetur sadipscing elitr, sed diam nonumy eirmod tempor invidunt.<\/div>\r\n                <\/div>\r\n            <\/article>\r\n                        \r\n        <\/div>\r\n    <\/div>\r\n<\/section>\r\n\r\n[\/vc_column][\/vc_row][vc_row][vc_column]   \r\n   \r\n<!--Products Section-->\r\n<section class=\"products-section slider-section woocommerce\">\r\n<div class=\"auto-container slider-outer\">\r\n\r\n\t<div class=\"sec-title text-center\">\r\n\t\t<h2>our tools &amp; PRODUCTS<\/h2>\r\n\t<\/div>\r\n\t\r\n\t<br><br><br>\r\n\t\r\n\t<!--Carousel Outer-->\r\n\t<div class=\"carousel-slider five-column\">\r\n\t\t\t\t\t\t<article class=\"product-column\">\r\n\t\t\t<div class=\"inner-box\">\r\n\t\t\t\t<figure class=\"image\"><a href=\"https:\/\/niles.ee\/wp-content\/uploads\/2023\/11\/niles11.jpg\" class=\"lightbox-image\" title=\"Image Caption Here\"><img loading=\"lazy\" decoding=\"async\" width=\"190\" height=\"120\" src=\"https:\/\/niles.ee\/wp-content\/uploads\/2023\/11\/niles11-190x120.jpg\" class=\"img-responsive wp-post-image\" alt=\"\" \/><\/a><\/figure>\r\n\t\t\t\t<div class=\"prod-info\">\r\n\t\t\t\t\t<h4 class=\"prod-cat\"><a href=\"https:\/\/niles.ee\/et\/product-category\/vaetis\/\" rel=\"tag\">V\u00e4etis<\/a><\/h4>\r\n\t\t\t\t\t<div class=\"prod-title\"><a href=\"https:\/\/niles.ee\/et\/product\/489\/\">3Kg Okaspuuv\u00e4etis<\/a><\/div>\r\n\t\t\t\t\t<h3 class=\"prod-price\">\n\t<span class=\"price\"><span class=\"woocommerce-Price-amount amount\"><bdi>6,48&nbsp;<span class=\"woocommerce-Price-currencySymbol\">&euro;<\/span><\/bdi><\/span><\/span>\n<\/h3>\r\n\t\t\t\t\t<a href=\"https:\/\/niles.ee\/et\/product\/489\/\" class=\"theme-btn btn-style-four\">VIEW DETAILS<\/a>\r\n\t\t\t\t<\/div>\r\n\t\t\t<\/div>\r\n\t\t<\/article>\r\n\t\t\r\n\t\t\t\t\t\t<article class=\"product-column\">\r\n\t\t\t<div class=\"inner-box\">\r\n\t\t\t\t<figure class=\"image\"><a href=\"https:\/\/niles.ee\/wp-content\/uploads\/2023\/11\/niles3.jpg\" class=\"lightbox-image\" title=\"Image Caption Here\"><img loading=\"lazy\" decoding=\"async\" width=\"190\" height=\"120\" src=\"https:\/\/niles.ee\/wp-content\/uploads\/2023\/11\/niles3-190x120.jpg\" class=\"img-responsive wp-post-image\" alt=\"\" \/><\/a><\/figure>\r\n\t\t\t\t<div class=\"prod-info\">\r\n\t\t\t\t\t<h4 class=\"prod-cat\"><a href=\"https:\/\/niles.ee\/et\/product-category\/vaetis\/\" rel=\"tag\">V\u00e4etis<\/a><\/h4>\r\n\t\t\t\t\t<div class=\"prod-title\"><a href=\"https:\/\/niles.ee\/et\/product\/muruvaetis\/\">3kg Muruv\u00e4etis<\/a><\/div>\r\n\t\t\t\t\t<h3 class=\"prod-price\">\n\t<span class=\"price\"><span class=\"woocommerce-Price-amount amount\"><bdi>7,56&nbsp;<span class=\"woocommerce-Price-currencySymbol\">&euro;<\/span><\/bdi><\/span><\/span>\n<\/h3>\r\n\t\t\t\t\t<a href=\"https:\/\/niles.ee\/et\/product\/muruvaetis\/\" class=\"theme-btn btn-style-four\">VIEW DETAILS<\/a>\r\n\t\t\t\t<\/div>\r\n\t\t\t<\/div>\r\n\t\t<\/article>\r\n\t\t\r\n\t\t\t\t\t\t<article class=\"product-column\">\r\n\t\t\t<div class=\"inner-box\">\r\n\t\t\t\t<figure class=\"image\"><a href=\"https:\/\/niles.ee\/wp-content\/uploads\/2023\/11\/niles3.jpg\" class=\"lightbox-image\" title=\"Image Caption Here\"><img loading=\"lazy\" decoding=\"async\" width=\"190\" height=\"120\" src=\"https:\/\/niles.ee\/wp-content\/uploads\/2023\/11\/niles3-190x120.jpg\" class=\"img-responsive wp-post-image\" alt=\"\" \/><\/a><\/figure>\r\n\t\t\t\t<div class=\"prod-info\">\r\n\t\t\t\t\t<h4 class=\"prod-cat\"><a href=\"https:\/\/niles.ee\/et\/product-category\/vaetis\/\" rel=\"tag\">V\u00e4etis<\/a><\/h4>\r\n\t\t\t\t\t<div class=\"prod-title\"><a href=\"https:\/\/niles.ee\/et\/product\/5kg-muruvaetis\/\">5kg Muruv\u00e4etis<\/a><\/div>\r\n\t\t\t\t\t<h3 class=\"prod-price\">\n\t<span class=\"price\"><span class=\"woocommerce-Price-amount amount\"><bdi>12,60&nbsp;<span class=\"woocommerce-Price-currencySymbol\">&euro;<\/span><\/bdi><\/span><\/span>\n<\/h3>\r\n\t\t\t\t\t<a href=\"https:\/\/niles.ee\/et\/product\/5kg-muruvaetis\/\" class=\"theme-btn btn-style-four\">VIEW DETAILS<\/a>\r\n\t\t\t\t<\/div>\r\n\t\t\t<\/div>\r\n\t\t<\/article>\r\n\t\t\r\n\t\t\t\t\t\t<article class=\"product-column\">\r\n\t\t\t<div class=\"inner-box\">\r\n\t\t\t\t<figure class=\"image\"><a href=\"https:\/\/niles.ee\/wp-content\/uploads\/2023\/11\/niles3.jpg\" class=\"lightbox-image\" title=\"Image Caption Here\"><img loading=\"lazy\" decoding=\"async\" width=\"190\" height=\"120\" src=\"https:\/\/niles.ee\/wp-content\/uploads\/2023\/11\/niles3-190x120.jpg\" class=\"img-responsive wp-post-image\" alt=\"\" \/><\/a><\/figure>\r\n\t\t\t\t<div class=\"prod-info\">\r\n\t\t\t\t\t<h4 class=\"prod-cat\"><a href=\"https:\/\/niles.ee\/et\/product-category\/vaetis\/\" rel=\"tag\">V\u00e4etis<\/a><\/h4>\r\n\t\t\t\t\t<div class=\"prod-title\"><a href=\"https:\/\/niles.ee\/et\/product\/25kg-muruvaetis\/\">25kg Muruv\u00e4etis<\/a><\/div>\r\n\t\t\t\t\t<h3 class=\"prod-price\">\n\t<span class=\"price\"><span class=\"woocommerce-Price-amount amount\"><bdi>63,00&nbsp;<span class=\"woocommerce-Price-currencySymbol\">&euro;<\/span><\/bdi><\/span><\/span>\n<\/h3>\r\n\t\t\t\t\t<a href=\"https:\/\/niles.ee\/et\/product\/25kg-muruvaetis\/\" class=\"theme-btn btn-style-four\">VIEW DETAILS<\/a>\r\n\t\t\t\t<\/div>\r\n\t\t\t<\/div>\r\n\t\t<\/article>\r\n\t\t\r\n\t\t\t\t\t\t<article class=\"product-column\">\r\n\t\t\t<div class=\"inner-box\">\r\n\t\t\t\t<figure class=\"image\"><a href=\"https:\/\/niles.ee\/wp-content\/uploads\/2023\/11\/niles4.jpg\" class=\"lightbox-image\" title=\"Image Caption Here\"><img loading=\"lazy\" decoding=\"async\" width=\"190\" height=\"120\" src=\"https:\/\/niles.ee\/wp-content\/uploads\/2023\/11\/niles4-190x120.jpg\" class=\"img-responsive wp-post-image\" alt=\"\" \/><\/a><\/figure>\r\n\t\t\t\t<div class=\"prod-info\">\r\n\t\t\t\t\t<h4 class=\"prod-cat\"><a href=\"https:\/\/niles.ee\/et\/product-category\/vaetis\/\" rel=\"tag\">V\u00e4etis<\/a><\/h4>\r\n\t\t\t\t\t<div class=\"prod-title\"><a href=\"https:\/\/niles.ee\/et\/product\/koogivilja-kompleksvaetis\/\">1KG K\u00f6\u00f6givilja kompleksv\u00e4etis<\/a><\/div>\r\n\t\t\t\t\t<h3 class=\"prod-price\">\n\t<span class=\"price\"><span class=\"woocommerce-Price-amount amount\"><bdi>2,16&nbsp;<span class=\"woocommerce-Price-currencySymbol\">&euro;<\/span><\/bdi><\/span><\/span>\n<\/h3>\r\n\t\t\t\t\t<a href=\"https:\/\/niles.ee\/et\/product\/koogivilja-kompleksvaetis\/\" class=\"theme-btn btn-style-four\">VIEW DETAILS<\/a>\r\n\t\t\t\t<\/div>\r\n\t\t\t<\/div>\r\n\t\t<\/article>\r\n\t\t\r\n\t\t\t\r\n\t<\/div>\r\n\r\n\t\r\n<\/div>\r\n<\/section>\r\n[\/vc_column][\/vc_row][vc_row container=&#8221;1&#8243; el_class=&#8221;featured-image-section no-padd-top&#8221;][vc_column width=&#8221;1\/2&#8243;]<!--Featured Image Box-->\r\n<article class=\"featured-image-column wow fadeInLeft\" data-wow-delay=\"0ms\" data-wow-duration=\"1500ms\">\r\n    <div class=\"inner-box text-center\">\r\n        <figure class=\"image\"><img decoding=\"async\" src=\"https:\/\/niles.ee\/wp-content\/uploads\/2016\/03\/placeholder-25.jpg\" alt=\"Image\"><\/figure>\r\n        <div class=\"overlay-box\">\r\n            <div class=\"overlay-inner\">\r\n                <div class=\"overlay-content\">\r\n                    <h3>PLANTING &amp; GROWING<\/h3>\r\n                    <h4>we do it cause it is our passion<\/h4>\r\n                <\/div>\r\n            <\/div>\r\n        <\/div>\r\n    <\/div>\r\n<\/article>\r\n\r\n[\/vc_column][vc_column width=&#8221;1\/2&#8243;]<!--Featured Image Box-->\r\n<article class=\"featured-image-column wow fadeInLeft\" data-wow-delay=\"0ms\" data-wow-duration=\"1500ms\">\r\n    <div class=\"inner-box text-center\">\r\n        <figure class=\"image\"><img decoding=\"async\" src=\"https:\/\/niles.ee\/wp-content\/uploads\/2016\/03\/placeholder-26.jpg\" alt=\"Image\"><\/figure>\r\n        <div class=\"overlay-box\">\r\n            <div class=\"overlay-inner\">\r\n                <div class=\"overlay-content\">\r\n                    <h3>STUFF FOR GARDENERS<\/h3>\r\n                    <h4>check out our product portfolio<\/h4>\r\n                <\/div>\r\n            <\/div>\r\n        <\/div>\r\n    <\/div>\r\n<\/article>\r\n\r\n[\/vc_column][\/vc_row]<\/p>\n","protected":false},"excerpt":{"rendered":"<p>[vc_row el_class=&#8221;main-slider revolution-slider&#8221;][vc_column][rev_slider_vc alias=&#8221;home&#8221;][\/vc_column][\/vc_row][vc_row][vc_column][\/vc_column][\/vc_row][vc_row][vc_column][\/vc_column][\/vc_row][vc_row][vc_column][\/vc_column][\/vc_row][vc_row][vc_column][\/vc_column][\/vc_row][vc_row][vc_column][\/vc_column][\/vc_row][vc_row container=&#8221;1&#8243; el_class=&#8221;featured-image-section no-padd-top&#8221;][vc_column width=&#8221;1\/2&#8243;][\/vc_column][vc_column width=&#8221;1\/2&#8243;][\/vc_column][\/vc_row]<\/p>\n","protected":false},"author":1,"featured_media":0,"parent":0,"menu_order":0,"comment_status":"closed","ping_status":"closed","template":"tpl-visual_composer.php","meta":{"spay_email":"","footnotes":""},"class_list":["post-289","page","type-page","status-publish","hentry"],"_links":{"self":[{"href":"https:\/\/niles.ee\/et\/wp-json\/wp\/v2\/pages\/289","targetHints":{"allow":["GET"]}}],"collection":[{"href":"https:\/\/niles.ee\/et\/wp-json\/wp\/v2\/pages"}],"about":[{"href":"https:\/\/niles.ee\/et\/wp-json\/wp\/v2\/types\/page"}],"author":[{"embeddable":true,"href":"https:\/\/niles.ee\/et\/wp-json\/wp\/v2\/users\/1"}],"replies":[{"embeddable":true,"href":"https:\/\/niles.ee\/et\/wp-json\/wp\/v2\/comments?post=289"}],"version-history":[{"count":0,"href":"https:\/\/niles.ee\/et\/wp-json\/wp\/v2\/pages\/289\/revisions"}],"wp:attachment":[{"href":"https:\/\/niles.ee\/et\/wp-json\/wp\/v2\/media?parent=289"}],"curies":[{"name":"wp","href":"https:\/\/api.w.org\/{rel}","templated":true}]}}