{"id":287,"date":"2016-03-21T18:22:59","date_gmt":"2016-03-21T18:22:59","guid":{"rendered":"http:\/\/asianitbd.com\/wp\/ecomanic\/?page_id=9"},"modified":"2021-10-13T11:34:33","modified_gmt":"2021-10-13T08:34:33","slug":"homepage-one","status":"publish","type":"page","link":"https:\/\/niles.ee\/et\/","title":{"rendered":"Avaleht"},"content":{"rendered":"<p>[vc_row el_class=&#8221;main-slider revolution-slider&#8221;][vc_column][rev_slider_vc alias=&#8221;home&#8221;][\/vc_column][\/vc_row][vc_row][vc_column]   \r\n   \r\n <!--Default Section-->\r\n<section class=\"default-section\">\r\n    <div class=\"auto-container\">\r\n    \r\n        <div class=\"sec-title text-center\">\r\n            <div class=\"title-style-two\"><h2>Niles<\/h2><\/div>\r\n            <div class=\"text\"><strong>Ettev\u00f5te Niles O\u00dc tegeleb mineraal- ja kaaliumv\u00e4etiste tarnimise, hulgi- ja jaem\u00fc\u00fcgiga Eesti siseturule, Euroopasse, Skandinaaviasse ja L\u00f5una -Aafrika Vabariikidesse.<\/strong><\/p>\n<p><strong>Ettev\u00f5te t\u00f6\u00f6tab turul alates 1995. aastast ja omab mineraal- ja kaaliumv\u00e4etiste j\u00e4\u00e4tmete t\u00f6\u00f6tlemisluba. Ettev\u00f5ttel on Eesti s\u00fcdames oma baas v\u00e4etiste hoidmiseks, pakkimiseks, t\u00f6\u00f6tlemiseks ja segamiseks ja kliendi soovil valemi saamiseks. Samuti on olemas t\u00f6\u00f6stus Paldiski sadamas, kust saab v\u00e4ga mugavalt teostada valmistoodete vedu laevade, vagunite ja autodega.<\/strong><\/p>\n<p><strong>Peale selle, pakub meie ettev\u00f5te kuiva ja vedelal kujul mikroelementide lisamisega segude tootmise teenuseid. Kui teil on vaja valmistada oma toodangust segu, saate seda meie juures teha. Meie seade asub Paldiski sadamas. Liini l\u00e4bilaskev\u00f5ime on kuni 70 T tunnis. Saame pakkida suurtesse kottidesse 500 kuni 1200 kg. Samuti kottidesse 25 \u2013 50 kg \u2014 see on 800 kotti tunnis.<\/strong><\/p>\n<p><strong>Valmistume ette sapropeeltoodete tootmiseks ja granuleerimiseks, lisades muid keskkonnas\u00f5bralikke tooteid, nagu kaaliumsulfaat, fosforiidijahu jne. L\u00e4bilaskev\u00f5ime on kuni 50 T valmistoodangut.<\/strong><\/div>\r\n        <\/div>\r\n        \r\n        <div class=\"row clearfix\">\r\n        \r\n                        <article class=\"col-md-3 col-sm-6 col-xs-12 icon-column simple-icon-column\">\r\n                <div class=\"inner-box\">\r\n                    <div class=\"icon\"><span class=\"fa fa-pagelines\"><\/span><\/div>\r\n                    <h3>\u00d6KOV\u00c4ETISED<\/h3>\r\n                    <div class=\"text\">Meie toodang sisaldab tohutul hulgal keskkonnas\u00f5bralikke v\u00e4etisi.<\/div>\r\n                <\/div>\r\n            <\/article>\r\n\t\t\t            <article class=\"col-md-3 col-sm-6 col-xs-12 icon-column simple-icon-column\">\r\n                <div class=\"inner-box\">\r\n                    <div class=\"icon\"><span class=\"fa fa-check\"><\/span><\/div>\r\n                    <h3>K\u00d5RGEIM KVALITEET<\/h3>\r\n                    <div class=\"text\">Meie toodang vastab alati k\u00f5ikidele kvaliteedi normidele.<\/div>\r\n                <\/div>\r\n            <\/article>\r\n\t\t\t            <article class=\"col-md-3 col-sm-6 col-xs-12 icon-column simple-icon-column\">\r\n                <div class=\"inner-box\">\r\n                    <div class=\"icon\"><span class=\"fa fa-truck\"><\/span><\/div>\r\n                    <h3>HOIUSTAMINE JA TARNIMINE<\/h3>\r\n                    <div class=\"text\">Pakume toodangu hoiustamise teenuseid. Samuti saadame toodangut peaaegu igasse riiki.<\/div>\r\n                <\/div>\r\n            <\/article>\r\n\t\t\t            <article class=\"col-md-3 col-sm-6 col-xs-12 icon-column simple-icon-column\">\r\n                <div class=\"inner-box\">\r\n                    <div class=\"icon\"><span class=\"fa fa-leaf\"><\/span><\/div>\r\n                    <h3>TOODANGU V\u00d5IMSUS<\/h3>\r\n                    <div class=\"text\">Saame teostada suuri hulgitellimusi! L\u00e4bilaskev\u00f5ime on kuni 75 T valmistoodangut.<\/div>\r\n                <\/div>\r\n            <\/article>\r\n\t\t\t                        \r\n        <\/div>\r\n    <\/div>\r\n<\/section>\r\n\r\n[\/vc_column][\/vc_row][vc_row][vc_column]<!--Default Section-->\r\n<section class=\"default-section\">\r\n    <div class=\"auto-container\">\r\n        <div class=\"row clearfix\">\r\n            \r\n            <!--Column-->\r\n            <div class=\"column text-column no-margin-bottom col-md-7 col-sm-12 col-xs-12\">\r\n                <div class=\"sec-title\">\r\n                    <h2>M\u00d5NED S\u00d5NAD MEIE KOHTA<\/h2>\r\n                <\/div>\r\n                <div class=\"text\"><p><\/p><\/div>\r\n                \r\n                <ul class=\"styled-list-one\">\r\n                    \t\t\t\t\t\t                            <li>Ettev\u00f5ttel on oma patent mineraal- ja keskkonnas\u00f5bralike v\u00e4etiste granuleerimiseks.<br \/><\/li>\r\n                                                    <li>Ettev\u00f5te granuleerimise kogemus on \u00fcle 7 aastat.<br \/><\/li>\r\n                                                    <li>Segamine ja pakkimine suurtesse kottidesse 500 kuni 1200 kg ja kottidesse 25 - 50 kg.<br \/><\/li>\r\n                                                    <li>Hoiustamise teenused oma baasil T\u00fcri Vallas, Vilita k\u00fclas, Jarvamaal ja Paldiski sadamas.<br \/><\/li>\r\n                                                    <li>Pakime toodangut v\u00e4ikestesse pakkidesse.<\/li>\r\n                                        <\/ul>\r\n                \r\n            <\/div>\r\n            \r\n            <!--Column-->\r\n            <div class=\"column image-column col-md-5 col-sm-12 col-xs-12 clearfix\">\r\n                \r\n                <figure class=\"image hanged-image text-right\"><img decoding=\"async\" src=\"https:\/\/niles.ee\/wp-content\/uploads\/2021\/10\/image1.jpeg\" alt=\"Image\"><\/figure>\r\n                \r\n            <\/div>\r\n            \r\n        <\/div>\r\n    <\/div>\r\n<\/section> \r\n\r\n[\/vc_column][\/vc_row][vc_row][vc_column]<!--Fact Counter-->\n<section class=\"fact-counter-two fact-counter\" style=\"background-image:url('https:\/\/niles.ee\/wp-content\/uploads\/2021\/10\/f1.jpg');\">\n    <div class=\"auto-container\">\n        \n        <div class=\"row clearfix\">\n            <!--Column-->\r\n<article class=\"col-md-3 col-sm-6 col-xs-12 column wow fadeIn\" data-wow-duration=\"0ms\">\r\n    <div class=\"icon\"><span class=\"flaticon-padlock21\"><\/span><\/div>\r\n    <div class=\"count-outer\"><span class=\"count-text\" data-speed=\"1500\" data-stop=\"7\">0<\/span><\/div>\r\n    <div class=\"counter-title\">GRANULEERIMISE KOGEMUS \u00dcLE 7 AASTA<\/div>\r\n<\/article>\r\n\r\n<!--Column-->\r\n<article class=\"col-md-3 col-sm-6 col-xs-12 column wow fadeIn\" data-wow-duration=\"0ms\">\r\n    <div class=\"icon\"><span class=\"flaticon-padlock21\"><\/span><\/div>\r\n    <div class=\"count-outer\"><span class=\"count-text\" data-speed=\"1500\" data-stop=\"11\">0<\/span><\/div>\r\n    <div class=\"counter-title\">ETTEV\u00d5TE TEGUTSEB \u00dcLE 11 AASTA<\/div>\r\n<\/article>\r\n\r\n<!--Column-->\r\n<article class=\"col-md-3 col-sm-6 col-xs-12 column wow fadeIn\" data-wow-duration=\"0ms\">\r\n    <div class=\"icon\"><span class=\"flaticon-padlock21\"><\/span><\/div>\r\n    <div class=\"count-outer\"><span class=\"count-text\" data-speed=\"1500\" data-stop=\"2\">0<\/span><\/div>\r\n    <div class=\"counter-title\">KAKS TOOTMISBAASI<\/div>\r\n<\/article>\r\n\r\n<!--Column-->\r\n<article class=\"col-md-3 col-sm-6 col-xs-12 column wow fadeIn\" data-wow-duration=\"0ms\">\r\n    <div class=\"icon\"><span class=\"flaticon-padlock21\"><\/span><\/div>\r\n    <div class=\"count-outer\"><span class=\"count-text\" data-speed=\"1500\" data-stop=\"75\">0<\/span><\/div>\r\n    <div class=\"counter-title\">TOOTMISV\u00d5IMSUS - 75 \u0422<\/div>\r\n<\/article>\r\n\r\n        <\/div>\n    <\/div>\n<\/section>\n\n[\/vc_column][\/vc_row]<\/p>","protected":false},"excerpt":{"rendered":"<p>[vc_row el_class=&#8221;main-slider revolution-slider&#8221;][vc_column][rev_slider_vc alias=&#8221;home&#8221;][\/vc_column][\/vc_row][vc_row][vc_column][\/vc_column][\/vc_row][vc_row][vc_column][\/vc_column][\/vc_row][vc_row][vc_column][\/vc_column][\/vc_row]<\/p>\n","protected":false},"author":1,"featured_media":0,"parent":0,"menu_order":0,"comment_status":"closed","ping_status":"closed","template":"tpl-visual_composer.php","meta":{"spay_email":"","footnotes":""},"class_list":["post-287","page","type-page","status-publish","hentry"],"_links":{"self":[{"href":"https:\/\/niles.ee\/et\/wp-json\/wp\/v2\/pages\/287","targetHints":{"allow":["GET"]}}],"collection":[{"href":"https:\/\/niles.ee\/et\/wp-json\/wp\/v2\/pages"}],"about":[{"href":"https:\/\/niles.ee\/et\/wp-json\/wp\/v2\/types\/page"}],"author":[{"embeddable":true,"href":"https:\/\/niles.ee\/et\/wp-json\/wp\/v2\/users\/1"}],"replies":[{"embeddable":true,"href":"https:\/\/niles.ee\/et\/wp-json\/wp\/v2\/comments?post=287"}],"version-history":[{"count":23,"href":"https:\/\/niles.ee\/et\/wp-json\/wp\/v2\/pages\/287\/revisions"}],"predecessor-version":[{"id":461,"href":"https:\/\/niles.ee\/et\/wp-json\/wp\/v2\/pages\/287\/revisions\/461"}],"wp:attachment":[{"href":"https:\/\/niles.ee\/et\/wp-json\/wp\/v2\/media?parent=287"}],"curies":[{"name":"wp","href":"https:\/\/api.w.org\/{rel}","templated":true}]}}